{"id":25,"date":"2020-03-16T19:52:33","date_gmt":"2020-03-16T19:52:33","guid":{"rendered":"http:\/\/dr-dinklage.de\/?page_id=25"},"modified":"2023-03-18T16:53:00","modified_gmt":"2023-03-18T16:53:00","slug":"datenschutz","status":"publish","type":"page","link":"https:\/\/dr-dinklage.de\/?page_id=25","title":{"rendered":"Datenschutz"},"content":{"rendered":"\n<pre class=\"wp-block-preformatted\">\u2013\u2013\u2013\u2013\u2013\u2013\u2013\u2013\u2013\u2013\u2013\u2013\u2013\u2013\u2013\u2013\u2013\u2013\u2013\u2013\nDatenschutzerkl\u00e4rung\n\u2013\u2013\u2013\u2013\u2013\u2013\u2013\u2013\u2013\u2013\u2013\u2013\u2013\u2013\u2013\u2013\u2013\u2013\u2013\u2013\n\n\n1) Einleitung und Kontaktdaten des Verantwortlichen\n1.1 Wir freuen uns, dass Sie unsere Website besuchen und bedanken uns f\u00fcr Ihr Interesse. Im Folgenden informieren wir Sie \u00fcber den Umgang mit Ihren personenbezogenen Daten bei der Nutzung unserer Website. Personenbezogene Daten sind hierbei alle Daten, mit denen Sie pers\u00f6nlich identifiziert werden k\u00f6nnen.\n1.2 Verantwortlicher f\u00fcr die Datenverarbeitung auf dieser Website im Sinne der Datenschutz-Grundverordnung (DSGVO) ist Dr. Frauke Dinklage, G\u00fctzkower Str. 8, 17489 Greifswald, Deutschland, Tel.: +493834503475, E-Mail: info@dr-dinklage.de. Der f\u00fcr die Verarbeitung von personenbezogenen Daten Verantwortliche ist diejenige nat\u00fcrliche oder juristische Person, die allein oder gemeinsam mit anderen \u00fcber die Zwecke und Mittel der Verarbeitung von personenbezogenen Daten entscheidet.\n1.3 Diese Website nutzt aus Sicherheitsgr\u00fcnden und zum Schutz der \u00dcbertragung personenbezogener Daten und anderer vertraulicher Inhalte (z.B. Bestellungen oder Anfragen an den Verantwortlichen) eine SSL-bzw. TLS-Verschl\u00fcsselung. Sie k\u00f6nnen eine verschl\u00fcsselte Verbindung an der Zeichenfolge \u201ehttps:\/\/\u201c und dem Schloss-Symbol in Ihrer Browserzeile erkennen.\n\n2) Datenerfassung beim Besuch unserer Website\nBei der blo\u00df informatorischen Nutzung unserer Website, also wenn Sie sich nicht registrieren oder uns anderweitig Informationen \u00fcbermitteln, erheben wir nur solche Daten, die Ihr Browser an unseren Server \u00fcbermittelt (sog. \u201eServer-Logfiles\u201c). Wenn Sie unsere Website aufrufen, erheben wir die folgenden Daten, die f\u00fcr uns technisch erforderlich sind, um Ihnen die Website anzuzeigen:\n- Unsere besuchte Website\n- Datum und Uhrzeit zum Zeitpunkt des Zugriffes\n- Menge der gesendeten Daten in Byte\n- Quelle\/Verweis, von welchem Sie auf die Seite gelangten\n- Verwendeter Browser\n- Verwendetes Betriebssystem\n- Verwendete IP-Adresse (ggf.: in anonymisierter Form)\nDie Verarbeitung erfolgt gem\u00e4\u00df Art. 6 Abs. 1 lit. f DSGVO auf Basis unseres berechtigten Interesses an der Verbesserung der Stabilit\u00e4t und Funktionalit\u00e4t unserer Website. Eine Weitergabe oder anderweitige Verwendung der Daten findet nicht statt. Wir behalten uns allerdings vor, die Server-Logfiles nachtr\u00e4glich zu \u00fcberpr\u00fcfen, sollten konkrete Anhaltspunkte auf eine rechtswidrige Nutzung hinweisen.\n\n3) Cookies\nUm den Besuch unserer Website attraktiv zu gestalten und die Nutzung bestimmter Funktionen zu erm\u00f6glichen, verwenden wir auf verschiedenen Seiten sogenannte Cookies. Hierbei handelt es sich um kleine Textdateien, die auf Ihrem Endger\u00e4t abgelegt werden. Einige der von uns verwendeten Cookies werden nach dem Ende der Browser-Sitzung, also nach Schlie\u00dfen Ihres Browsers, wieder gel\u00f6scht (sog. Sitzungs-Cookies). Andere Cookies verbleiben auf Ihrem Endger\u00e4t und erm\u00f6glichen uns oder unseren Partnerunternehmen (Cookies von Drittanbietern), Ihren Browser beim n\u00e4chsten Besuch wiederzuerkennen (persistente Cookies). Werden Cookies gesetzt, erheben und verarbeiten diese im individuellen Umfang bestimmte Nutzerinformationen wie Browser- und Standortdaten sowie IP-Adresswerte. Persistente Cookies werden automatisiert nach einer vorgegebenen Dauer gel\u00f6scht, die sich je nach Cookie unterscheiden kann.\nSofern durch einzelne von uns implementierte Cookies auch personenbezogene Daten verarbeitet werden, erfolgt die Verarbeitung gem\u00e4\u00df Art. 6 Abs. 1 lit. b DSGVO entweder zur Durchf\u00fchrung des Vertrages oder gem\u00e4\u00df Art. 6 Abs. 1 lit. f DSGVO zur Wahrung unserer berechtigten Interessen an der bestm\u00f6glichen Funktionalit\u00e4t der Website sowie einer kundenfreundlichen und effektiven Ausgestaltung des Seitenbesuchs.\nWir arbeiten unter Umst\u00e4nden mit Werbepartnern zusammen, die uns helfen, unser Internetangebot f\u00fcr Sie interessanter zu gestalten. Zu diesem Zweck werden f\u00fcr diesen Fall bei Ihrem Besuch unserer Website auch Cookies von Partnerunternehmen auf Ihrer Festplatte gespeichert (Cookies von Drittanbietern). Wenn wir mit vorbenannten Werbepartnern zusammenarbeiten, werden Sie \u00fcber den Einsatz derartiger Cookies und den Umfang der jeweils erhobenen Informationen innerhalb der nachstehenden Abs\u00e4tze individuell und gesondert informiert.\nBitte beachten Sie, dass Sie Ihren Browser so einstellen k\u00f6nnen, dass Sie \u00fcber das Setzen von Cookies informiert werden und einzeln \u00fcber deren Annahme entscheiden oder die Annahme von Cookies f\u00fcr bestimmte F\u00e4lle oder generell ausschlie\u00dfen k\u00f6nnen. Jeder Browser unterscheidet sich in der Art, wie er die Cookie-Einstellungen verwaltet. Diese ist in dem Hilfemen\u00fc jedes Browsers beschrieben, welches Ihnen erl\u00e4utert, wie Sie Ihre Cookie-Einstellungen \u00e4ndern k\u00f6nnen. Diese finden Sie f\u00fcr die jeweiligen Browser unter den folgenden Links:\nMicrosoft Edge: https:\/\/support.microsoft.com\/de-de\/microsoft-edge\/tempor\u00e4res-zulassen-von-cookies-und-website-daten-in-microsoft-edge-597f04f2-c0ce-f08c-7c2b-541086362bd2\nFirefox: https:\/\/support.mozilla.org\/de\/kb\/cookies-erlauben-und-ablehnen\nChrome: http:\/\/support.google.com\/chrome\/bin\/answer.py?hl=de&amp;hlrm=en&amp;answer=95647\nSafari: https:\/\/support.apple.com\/de-de\/guide\/safari\/sfri11471\/mac\nOpera: http:\/\/help.opera.com\/Windows\/10.20\/de\/cookies.html\nBitte beachten Sie, dass bei Nichtannahme von Cookies die Funktionalit\u00e4t unserer Website eingeschr\u00e4nkt sein kann.\n\n4) Kontaktaufnahme\nIm Rahmen der Kontaktaufnahme mit uns (z.B. per Kontaktformular oder E-Mail) werden personenbezogene Daten erhoben. Welche Daten im Falle der Nutzung eines Kontaktformulars erhoben werden, ist aus dem jeweiligen Kontaktformular ersichtlich. Diese Daten werden ausschlie\u00dflich zum Zweck der Beantwortung Ihres Anliegens bzw. f\u00fcr die Kontaktaufnahme und die damit verbundene technische Administration gespeichert und verwendet. Rechtsgrundlage f\u00fcr die Verarbeitung dieser Daten ist unser berechtigtes Interesse an der Beantwortung Ihres Anliegens gem\u00e4\u00df Art. 6 Abs. 1 lit. f DSGVO. Zielt Ihre Kontaktierung auf den Abschluss eines Vertrages ab, so ist zus\u00e4tzliche Rechtsgrundlage f\u00fcr die Verarbeitung Art. 6 Abs. 1 lit. b DSGVO. Ihre Daten werden nach abschlie\u00dfender Bearbeitung Ihrer Anfrage gel\u00f6scht. Dies ist der Fall, wenn sich aus den Umst\u00e4nden entnehmen l\u00e4sst, dass der betroffene Sachverhalt abschlie\u00dfend gekl\u00e4rt ist und sofern keine gesetzlichen Aufbewahrungspflichten entgegenstehen.\n\n5) Rechte des Betroffenen\n5.1 Das geltende Datenschutzrecht gew\u00e4hrt Ihnen gegen\u00fcber dem Verantwortlichen hinsichtlich der Verarbeitung Ihrer personenbezogenen Daten die nachstehenden Betroffenenrechte (Auskunfts- und Interventionsrechte), wobei f\u00fcr die jeweiligen Aus\u00fcbungsvoraussetzungen auf die angef\u00fchrte Rechtsgrundlage verwiesen wird:\n- Auskunftsrecht gem\u00e4\u00df Art. 15 DSGVO;\n- Recht auf Berichtigung gem\u00e4\u00df Art. 16 DSGVO;\n- Recht auf L\u00f6schung gem\u00e4\u00df Art. 17 DSGVO;\n- Recht auf Einschr\u00e4nkung der Verarbeitung gem\u00e4\u00df Art. 18 DSGVO;\n- Recht auf Unterrichtung gem\u00e4\u00df Art. 19 DSGVO;\n- Recht auf Daten\u00fcbertragbarkeit gem\u00e4\u00df Art. 20 DSGVO;\n- Recht auf Widerruf erteilter Einwilligungen gem\u00e4\u00df Art. 7 Abs. 3 DSGVO;\n- Recht auf Beschwerde gem\u00e4\u00df Art. 77 DSGVO.\n5.2 WIDERSPRUCHSRECHT\nWENN WIR IM RAHMEN EINER INTERESSENABW\u00c4GUNG IHRE PERSONENBEZOGENEN DATEN AUFGRUND UNSERES \u00dcBERWIEGENDEN BERECHTIGTEN INTERESSES VERARBEITEN, HABEN SIE DAS JEDERZEITIGE RECHT, AUS GR\u00dcNDEN, DIE SICH AUS IHRER BESONDEREN SITUATION ERGEBEN, GEGEN DIESE VERARBEITUNG WIDERSPRUCH MIT WIRKUNG F\u00dcR DIE ZUKUNFT EINZULEGEN.\nMACHEN SIE VON IHREM WIDERSPRUCHSRECHT GEBRAUCH, BEENDEN WIR DIE VERARBEITUNG DER BETROFFENEN DATEN. EINE WEITERVERARBEITUNG BLEIBT ABER VORBEHALTEN, WENN WIR ZWINGENDE SCHUTZW\u00dcRDIGE GR\u00dcNDE F\u00dcR DIE VERARBEITUNG NACHWEISEN K\u00d6NNEN, DIE IHRE INTERESSEN, GRUNDRECHTE UND GRUNDFREIHEITEN \u00dcBERWIEGEN, ODER WENN DIE VERARBEITUNG DER GELTENDMACHUNG, AUS\u00dcBUNG ODER VERTEIDIGUNG VON RECHTSANSPR\u00dcCHEN DIENT.\nWERDEN IHRE PERSONENBEZOGENEN DATEN VON UNS VERARBEITET, UM DIREKTWERBUNG ZU BETREIBEN, HABEN SIE DAS RECHT, JEDERZEIT WIDERSPRUCH GEGEN DIE VERARBEITUNG SIE BETREFFENDER PERSONENBEZOGENER DATEN ZUM ZWECKE DERARTIGER WERBUNG EINZULEGEN. SIE K\u00d6NNEN DEN WIDERSPRUCH WIE OBEN BESCHRIEBEN AUS\u00dcBEN.\nMACHEN SIE VON IHREM WIDERSPRUCHSRECHT GEBRAUCH, BEENDEN WIR DIE VERARBEITUNG DER BETROFFENEN DATEN ZU DIREKTWERBEZWECKEN.\n\n6) Dauer der Speicherung personenbezogener Daten\nDie Dauer der Speicherung von personenbezogenen Daten bemisst sich anhand der jeweiligen Rechtsgrundlage, am Verarbeitungszweck und \u2013 sofern einschl\u00e4gig \u2013 zus\u00e4tzlich anhand der jeweiligen gesetzlichen Aufbewahrungsfrist (z.B. handels- und steuerrechtliche Aufbewahrungsfristen).\nBei der Verarbeitung von personenbezogenen Daten auf Grundlage einer ausdr\u00fccklichen Einwilligung gem\u00e4\u00df Art. 6 Abs. 1 lit. a DSGVO werden diese Daten so lange gespeichert, bis der Betroffene seine Einwilligung widerruft.\nExistieren gesetzliche Aufbewahrungsfristen f\u00fcr Daten, die im Rahmen rechtsgesch\u00e4ftlicher bzw. rechtsgesch\u00e4fts\u00e4hnlicher Verpflichtungen auf der Grundlage von Art. 6 Abs. 1 lit. b DSGVO verarbeitet werden, werden diese Daten nach Ablauf der Aufbewahrungsfristen routinem\u00e4\u00dfig gel\u00f6scht, sofern sie nicht mehr zur Vertragserf\u00fcllung oder Vertragsanbahnung erforderlich sind und\/oder unsererseits kein berechtigtes Interesse an der Weiterspeicherung fortbesteht.\nBei der Verarbeitung von personenbezogenen Daten auf Grundlage von Art. 6 Abs. 1 lit. f DSGVO werden diese Daten so lange gespeichert, bis der Betroffene sein Widerspruchsrecht nach Art. 21 Abs. 1 DSGVO aus\u00fcbt, es sei denn, wir k\u00f6nnen zwingende schutzw\u00fcrdige Gr\u00fcnde f\u00fcr die Verarbeitung nachweisen, die die Interessen, Rechte und Freiheiten der betroffenen Person \u00fcberwiegen, oder die Verarbeitung dient der Geltendmachung, Aus\u00fcbung oder Verteidigung von Rechtsanspr\u00fcchen.\nBei der Verarbeitung von personenbezogenen Daten zum Zwecke der Direktwerbung auf Grundlage von Art. 6 Abs. 1 lit. f DSGVO werden diese Daten so lange gespeichert, bis der Betroffene sein Widerspruchsrecht nach Art. 21 Abs. 2 DSGVO aus\u00fcbt.\nSofern sich aus den sonstigen Informationen dieser Erkl\u00e4rung \u00fcber spezifische Verarbeitungssituationen nichts anderes ergibt, werden gespeicherte personenbezogene Daten im \u00dcbrigen dann gel\u00f6scht, wenn sie f\u00fcr die Zwecke, f\u00fcr die sie erhoben oder auf sonstige Weise verarbeitet wurden, nicht mehr notwendig sind.<\/pre>\n\n\n\n<p><\/p>\n\n\n\n<p><\/p>\n\n\n\n<p>In unvermeidlichen Serverstatistiken werden automatisch solche Daten gespeichert, die Ihr Browser \u00fcber den Webhoster an uns \u00fcbermittelt. Diese sind: der Browsertyp, die Browserversion, die Version des Betriebssystems, die referrer URL (vorher besuchte Webseite), host-name des zugreifenden Rechners (IP Adresse) und die Uhrzeit der Serveranfrage. Diese Daten sind f\u00fcr uns in der Regel nicht bestimmten Personen zuordnenbar.<br>Eine Zusammenf\u00fchrung der Daten mit anderen Datenquellen wird nicht vorgenommen. Die Daten werden nach statistischer Auswertung gel\u00f6scht. Die Webseite enth\u00e4lt keine cookies. <\/p>\n\n\n\n<h1 class=\"wp-block-heading\">Datenschutzerkl\u00e4rung<\/h1>\n\n\n\n<p>Verantwortlicher im Sinne der Datenschutzgesetze, insbesondere der EU-Datenschutzgrundverordnung (DSGVO), ist:<\/p>\n\n\n\n<p>Dr. Frauke Dinklage<\/p>\n\n\n\n<h2 class=\"wp-block-heading\">Ihre Betroffenenrechte<\/h2>\n\n\n\n<p>Unter den angegebenen Kontaktdaten unseres Datenschutzbeauftragten k\u00f6nnen Sie jederzeit folgende Rechte aus\u00fcben:<\/p>\n\n\n\n<ul class=\"wp-block-list\"><li>Auskunft \u00fcber Ihre bei uns gespeicherten Daten und deren Verarbeitung (Art. 15 DSGVO),<\/li><li>Berichtigung unrichtiger personenbezogener Daten (Art. 16 DSGVO),<\/li><li>L\u00f6schung Ihrer bei uns gespeicherten Daten (Art. 17 DSGVO),<\/li><li>Einschr\u00e4nkung der Datenverarbeitung, sofern wir Ihre Daten aufgrund gesetzlicher Pflichten noch nicht l\u00f6schen d\u00fcrfen (Art. 18 DSGVO),<\/li><li>Widerspruch gegen die Verarbeitung Ihrer Daten bei uns (Art. 21 DSGVO) und<\/li><li>Daten\u00fcbertragbarkeit, sofern Sie in die Datenverarbeitung eingewilligt haben oder einen Vertrag mit uns abgeschlossen haben (Art. 20 DSGVO).<\/li><\/ul>\n\n\n\n<p>Sofern Sie uns eine Einwilligung erteilt haben, k\u00f6nnen Sie diese jederzeit mit Wirkung f\u00fcr die Zukunft widerrufen.<\/p>\n\n\n\n<p>Sie k\u00f6nnen sich jederzeit mit einer Beschwerde an eine Aufsichtsbeh\u00f6rde wenden, z. B. an die zust\u00e4ndige Aufsichtsbeh\u00f6rde des Bundeslands Ihres Wohnsitzes oder an die f\u00fcr uns als verantwortliche Stelle zust\u00e4ndige Beh\u00f6rde.<\/p>\n\n\n\n<p>Eine Liste der Aufsichtsbeh\u00f6rden (f\u00fcr den nicht\u00f6ffentlichen Bereich) mit Anschrift finden Sie unter: <a href=\"https:\/\/www.bfdi.bund.de\/DE\/Infothek\/Anschriften_Links\/anschriften_links-node.html\" target=\"_blank\" rel=\"noreferrer noopener\">https:\/\/www.bfdi.bund.de\/DE\/Infothek\/Anschriften_Links\/anschriften_links-node.html<\/a>.<\/p>\n\n\n\n<h2 class=\"wp-block-heading\">\u00c4nderung unserer Datenschutzbestimmungen<\/h2>\n\n\n\n<p>Wir behalten uns vor, diese Datenschutzerkl\u00e4rung anzupassen, damit sie stets den aktuellen rechtlichen Anforderungen entspricht oder um \u00c4nderungen unserer Leistungen in der Datenschutzerkl\u00e4rung umzusetzen, z.B. bei der Einf\u00fchrung neuer Services. F\u00fcr Ihren erneuten Besuch gilt dann die neue Datenschutzerkl\u00e4rung.<\/p>\n\n\n\n<h2 class=\"wp-block-heading\">Fragen an den Datenschutzbeauftragten<\/h2>\n\n\n\n<p>Wenn Sie Fragen zum Datenschutz haben, schreiben Sie uns bitte eine E-Mail oder wenden Sie sich direkt an die f\u00fcr den Datenschutz verantwortliche Person in unserer Organisation:<\/p>\n\n\n\n<p>Dr. Frauke Dinklage (info@dr-dinklage.de)<\/p>\n\n\n\n<p><em>Die Datenschutzerkl\u00e4rung wurde mithilfe der activeMind AG erstellt, den Experten f\u00fcr <a href=\"https:\/\/www.activemind.de\/datenschutz\/datenschutzbeauftragter\/\" target=\"_blank\" rel=\"noreferrer noopener\">externe Datenschutzbeauftragte<\/a> (Version #2019-04-10).<\/em><\/p>\n\n\n\n<p>Der Schutz Ihrer personenbezogenen Daten ist uns wichtig. Nach der EU-Datenschutz-Grundverordnung (DSGVO) sind wir verpflichtet, Sie dar\u00fcber zu informieren, zu welchem Zweck unsere Praxis Daten erhebt, speichert oder weiterleitet. Der Information k\u00f6nnen Sie auch entnehmen, welche Rechte Sie in puncto Datenschutz haben.<\/p>\n\n\n\n<p>1. VERANTWORTLICHKEIT F\u00dcR DIE DATENVERARBEITUNG<br>Verantwortlich f\u00fcr die Datenverarbeitung ist: <br>Dr. Frauke Dinklage<br>Arztpraxis Dr. F. Dinklage<br>Adresse (Stra\u00dfe, Hausnummer, Postleitzahl, Ort): <br>G\u00fctzkowerstr. 8, 17489 Greifwald <br>Kontaktdaten (z.B. Telefon): 03834\/503475 <br>Verantwortlicher f\u00fcr Datenschutz: Dr. Frauke Dinklage<\/p>\n\n\n\n<p>2. ZWECK DER DATENVERARBEITUNGDie Datenverarbeitung erfolgt aufgrund gesetzlicher Vorgaben, um den Behandlungsvertrag zwischen Ihnen und Ihrem Arzt und die damit verbundenen Pflichten zu erf\u00fcllen. Hierzu verarbeiten wir Ihre personenbezogenen Daten, insbesondere Ihre Gesundheitsdaten. Dazu z\u00e4hlen Anamnesen, Diagnosen, Therapievorschl\u00e4ge und Befunde, die wir oder andere \u00c4rzte erheben. Zu diesen Zwecken k\u00f6nnen uns auch andere \u00c4rzte oder Psychotherapeuten, bei denen Sie in Behandlung sind, Daten zur Verf\u00fcgung stellen (z.B. in Arztbriefen).Die Erhebung von Gesundheitsdaten ist Voraussetzung f\u00fcr Ihre Behandlung. Werden die notwendigen Informationen nicht bereitgestellt, kann eine sorgf\u00e4ltige Behandlung nicht erfolgen.<\/p>\n\n\n\n<p>3. EMPF\u00c4NGER IHRER DATEN<br>Wir \u00fcbermitteln Ihre personenbezogenen Daten nur dann an Dritte, wenn dies gesetzlich erlaubt ist oder Sie eingewilligt haben. Empf\u00e4nger Ihrer personenbezogenen Daten k\u00f6nnen vor allem andere \u00c4rzte \/ Psychotherapeuten, Kassen-\u00e4rztliche Vereinigungen, Krankenkassen oder der Medizinische Dienst der Krankenversicherung sein. Die \u00dcbermittlung erfolgt \u00fcberwiegend zum Zwecke der Abrechnung der bei Ihnen erbrachten Leistungen, zur Kl\u00e4rung von medizinischen und sich aus Ihrem Versicherungsverh\u00e4ltnis ergebenden Fragen. Im Einzelfall erfolgt die \u00dcbermittlung von Daten an weitere berechtigte Empf\u00e4nger.<\/p>\n\n\n\n<p>4. SPEICHERUNG IHRER DATEN<br>Wir bewahren Ihre personenbezogenen Daten nur solange auf, wie dies f\u00fcr die Durchf\u00fchrung der Behandlung erforderlich ist. Aufgrund rechtlicher Vorgaben sind wir dazu verpflichtet, diese Daten mindestens 10 Jahre nach Abschluss der Behandlung aufzubewahren. Nach anderen Vorschriften k\u00f6nnen sich l\u00e4ngere Aufbewahrungsfristen ergeben, zum Beispiel 30 Jahre bei R\u00f6ntgenaufzeichnungen laut Paragraf 28 Absatz 3 der R\u00f6ntgenverordnung.<\/p>\n\n\n\n<p>5. IHRE RECHTE<br>Sie haben das Recht, \u00fcber die Sie betreffenden personenbezogenen Daten Auskunft zu erhalten. Auch k\u00f6nnen Sie die Berichtigung unrichtiger Daten verlangen. Dar\u00fcber hinaus steht Ihnen unter bestimmten Voraussetzungen das Recht auf L\u00f6schung von Daten, das Recht auf Einschr\u00e4nkung der Datenverarbeitung sowie das Recht auf Daten\u00fcbertragbarkeit zu. Die Verarbeitung Ihrer Daten erfolgt auf Basis von gesetzlichen Regelungen. Nur in Ausnahmef\u00e4llen ben\u00f6tigen wir Ihr Einverst\u00e4ndnis. In diesen F\u00e4llen haben Sie das Recht, die Einwilligung f\u00fcr die zuk\u00fcnftige Verar-beitung zu widerrufen. Sie haben ferner das Recht, sich bei der zust\u00e4ndigen Aufsichtsbeh\u00f6rde f\u00fcr den Datenschutz zu beschweren, wenn Sie der Ansicht sind, dass die Verarbeitung Ihrer personenbezogenen Daten nicht rechtm\u00e4\u00dfig erfolgt. Die Anschrift der f\u00fcr uns zust\u00e4ndigen Aufsichtsbeh\u00f6rde lautet:<br><br>\u00c4rztekammer Mecklenburg-Vorpommern <br>August-Bebel-Str. 9a<br>18055 Rostock<\/p>\n\n\n\n<p>6. RECHTLICHE GRUNDLAGEN<br>Rechtsgrundlage f\u00fcr die Verarbeitung Ihrer Daten ist Artikel 9 Absatz 2 lit. h) DSGVO in Verbindung mit Paragraf 22 Absatz 1 Nr. 1 lit. b) Bundesdatenschutzgesetz. Sollten Sie Fragen haben, k\u00f6nnen Sie sich gern an uns wenden.<\/p>\n\n\n\n<p><\/p>\n\n\n\n<p><\/p>\n","protected":false},"excerpt":{"rendered":"<p>\u2013\u2013\u2013\u2013\u2013\u2013\u2013\u2013\u2013\u2013\u2013\u2013\u2013\u2013\u2013\u2013\u2013\u2013\u2013\u2013 Datenschutzerkl\u00e4rung \u2013\u2013\u2013\u2013\u2013\u2013\u2013\u2013\u2013\u2013\u2013\u2013\u2013\u2013\u2013\u2013\u2013\u2013\u2013\u2013 1) Einleitung und Kontaktdaten des Verantwortlichen 1.1 Wir freuen uns, dass Sie unsere Website besuchen und bedanken uns f\u00fcr Ihr Interesse. Im Folgenden informieren wir Sie \u00fcber den Umgang mit Ihren personenbezogenen Daten bei der Nutzung unserer Website. Personenbezogene Daten sind hierbei alle Daten, mit denen Sie pers\u00f6nlich identifiziert werden k\u00f6nnen. 1.2 [&hellip;]<\/p>\n","protected":false},"author":1,"featured_media":0,"parent":0,"menu_order":0,"comment_status":"closed","ping_status":"closed","template":"","meta":{"footnotes":""},"class_list":["post-25","page","type-page","status-publish","hentry"],"_links":{"self":[{"href":"https:\/\/dr-dinklage.de\/index.php?rest_route=\/wp\/v2\/pages\/25","targetHints":{"allow":["GET"]}}],"collection":[{"href":"https:\/\/dr-dinklage.de\/index.php?rest_route=\/wp\/v2\/pages"}],"about":[{"href":"https:\/\/dr-dinklage.de\/index.php?rest_route=\/wp\/v2\/types\/page"}],"author":[{"embeddable":true,"href":"https:\/\/dr-dinklage.de\/index.php?rest_route=\/wp\/v2\/users\/1"}],"replies":[{"embeddable":true,"href":"https:\/\/dr-dinklage.de\/index.php?rest_route=%2Fwp%2Fv2%2Fcomments&post=25"}],"version-history":[{"count":7,"href":"https:\/\/dr-dinklage.de\/index.php?rest_route=\/wp\/v2\/pages\/25\/revisions"}],"predecessor-version":[{"id":102,"href":"https:\/\/dr-dinklage.de\/index.php?rest_route=\/wp\/v2\/pages\/25\/revisions\/102"}],"wp:attachment":[{"href":"https:\/\/dr-dinklage.de\/index.php?rest_route=%2Fwp%2Fv2%2Fmedia&parent=25"}],"curies":[{"name":"wp","href":"https:\/\/api.w.org\/{rel}","templated":true}]}}